{"id":10117,"date":"2021-06-02T13:09:01","date_gmt":"2021-06-02T13:09:01","guid":{"rendered":"https:\/\/students.zeitraum.re\/?page_id=10117"},"modified":"2026-03-31T14:01:20","modified_gmt":"2026-03-31T14:01:20","slug":"domovni-rad","status":"publish","type":"page","link":"https:\/\/students.zeitraum.re\/cs\/domovni-rad\/","title":{"rendered":"Domovn\u00ed \u0159\u00e1d"},"content":{"rendered":"<p>1. Ka\u017ed\u00e1 osoba nach\u00e1zej\u00edc\u00ed se v ubytovac\u00edm za\u0159\u00edzen\u00ed je povinna sezn\u00e1mit se s t\u00edmto \u0159\u00e1dem a dodr\u017eovat jej.<\/p>\n<p>2. V prostor\u00e1ch ubytovac\u00edho za\u0159\u00edzen\u00ed se mohou vyskytovat pouze osoby u\u017e\u00edvaj\u00edc\u00ed ubytovac\u00ed za\u0159\u00edzen\u00ed na z\u00e1klad\u011b platn\u00e9 smlouvy nebo n\u00e1v\u0161t\u011bvy t\u011bchto osob nahl\u00e1\u0161en\u00e9 na recepci.<\/p>\n<p>3. P\u0159\u00edpadn\u00e1 ztr\u00e1ta\/po\u0161kozen\u00ed vstupn\u00ed karty, \u010di jak\u00e9hokoliv kl\u00ed\u010de mus\u00ed b\u00fdt neprodlen\u011b ozn\u00e1mena recepci ubytovac\u00edho za\u0159\u00edzen\u00ed. Zablokov\u00e1n\u00ed p\u016fvodn\u00ed a vystaven\u00ed nov\u00e9 karty je zpoplatn\u011bno \u010d\u00e1stkou 20 EUR\/ 500 CZK. Vyd\u00e1n\u00ed nov\u00e9ho kl\u00ed\u010de je zpoplatn\u011bno \u010d\u00e1stkou 8 EUR\/ 200 CZK- 24 EUR\/ 600 CZK, dle typu kl\u00ed\u010de.<\/p>\n<p>4. Dom\u00e1c\u00ed mazl\u00ed\u010dci nejsou v ubytovac\u00edm za\u0159\u00edzen\u00ed povoleni.<\/p>\n<p>5. V cel\u00e9m ubytovac\u00edm za\u0159\u00edzen\u00ed je pod pokutou 202 EUR\/ 5 000 CZK kou\u0159en\u00ed p\u0159\u00edsn\u011b zak\u00e1z\u00e1no. V p\u0159\u00edpad\u011b spu\u0161t\u011bn\u00ed po\u017e\u00e1rn\u00edch \u010didel jak\u00fdmkoliv zp\u016fsobem, a t\u00edm zp\u016fsoben\u00edm plan\u00e9ho po\u017e\u00e1rn\u00edho poplachu, je osoba, kter\u00e1 spu\u0161t\u011bn\u00ed zap\u0159\u00ed\u010dinila, povinna uhradit v\u00fdjezd vozidel HZS v pln\u00e9 v\u00fd\u0161i.<\/p>\n<p>6. Domovn\u00ed odpad mus\u00ed b\u00fdt ukl\u00e1d\u00e1n v\u00fdhradn\u011b do n\u00e1dob k tomuto \u00fa\u010delu ur\u010den\u00fdch. To se t\u00fdk\u00e1 i t\u0159\u00edd\u011bn\u00ed odpadu: pap\u00edr, plasty, sklo a sm\u011bsn\u00fd odpad.<\/p>\n<p>7. Osoby nach\u00e1zej\u00edc\u00ed se v ubytovac\u00edm za\u0159\u00edzen\u00ed jsou povinny udr\u017eovat sv\u00e9 ubytov\u00e1n\u00ed a jeho okol\u00ed v \u010distot\u011b a po\u0159\u00e1dku a dodr\u017eovat klidovou dobu mezi 22. a 6. hodinou. Za poru\u0161en\u00ed no\u010dn\u00edho klidu je spole\u010dnost Zeitraum opr\u00e1vn\u011bna ulo\u017eit pokutu n\u00e1sledovn\u011b:<\/p>\n<p>&nbsp;<\/p>\n<ul>\n<li>prvn\u00ed poru\u0161en\u00ed no\u010dn\u00edho klidu &#8211; 121 EUR\/ 3 000 CZK<\/li>\n<li>druh\u00e9 poru\u0161en\u00ed no\u010dn\u00edho klidu &#8211; 202 EUR\/ 5 000 CZK<\/li>\n<li>t\u0159et\u00ed poru\u0161en\u00ed no\u010dn\u00edho klidu &#8211; 404 EUR\/ 10 000 CZK<\/li>\n<\/ul>\n<p>&nbsp;<\/p>\n<p>Zeitraum je opr\u00e1vn\u011bn vypov\u011bd\u011bt Smlouvu p\u0159ed uplynut\u00edm sjednan\u00e9 doby podn\u00e1jmu, pokud Klient i p\u0159es v\u00fdzvu poru\u0161\u00ed sv\u00e9 povinnosti vypl\u00fdvaj\u00edc\u00ed z domovn\u00edho \u0159\u00e1du.<\/p>\n<p>8. V ubytovac\u00edm za\u0159\u00edzen\u00ed je zak\u00e1z\u00e1no prov\u00e1d\u011bt jak\u00e9koliv stavebn\u00ed \u00fapravy \u010di jin\u00e9 zm\u011bny.<\/p>\n<p>9. Jak\u00e1koliv pot\u0159eba oprav mus\u00ed b\u00fdt provozovateli ubytovac\u00edho za\u0159\u00edzen\u00ed ozn\u00e1mena bez zbyte\u010dn\u00e9ho odkladu (nejpozd\u011bji do 48 hodin). Uveden\u00e9 opravy budou provedeny bez zbyte\u010dn\u00e9ho odkladu, je-li to mo\u017en\u00e9 vzhledem k jejich charakteru.<\/p>\n<p>10. Za \u0161kody na majetku nach\u00e1zej\u00edc\u00edm se v prostor\u00e1ch ubytovac\u00edho za\u0159\u00edzen\u00ed, p\u0159\u00edpadn\u011b za odcizen\u00ed v\u011bc\u00ed ponechan\u00fdch ve voln\u011b p\u0159\u00edstupn\u00fdch \u010d\u00e1stech ubytovac\u00edho za\u0159\u00edzen\u00ed, nenese provozovatel ubytovac\u00edho za\u0159\u00edzen\u00ed \u017e\u00e1dnou odpov\u011bdnost.<\/p>\n<p>11. Za \u0161kody zp\u016fsoben\u00e9 na ubytovac\u00edm za\u0159\u00edzen\u00ed jako\u017e i jeho vybaven\u00ed nedodr\u017een\u00edm v\u00fd\u0161e uveden\u00fdch pokyn\u016f, vlastn\u00ed nedbalost\u00ed, nebo \u00famyslem odpov\u00eddaj\u00ed osoby dle obecn\u011b z\u00e1vazn\u00fdch pr\u00e1vn\u00edch p\u0159edpis\u016f.<\/p>\n<p>12. Ka\u017ed\u00e1 osoba nach\u00e1zej\u00edc\u00ed v ubytovac\u00edm za\u0159\u00edzen\u00ed je povinna \u0159\u00eddit se po\u017e\u00e1rn\u00edm \u0159\u00e1dem, sezn\u00e1mit se s poplachov\u00fdmi sm\u011brnicemi, p\u0159\u00edpadn\u011b dal\u0161\u00ed zve\u0159ejn\u011bnou dokumentac\u00ed a \u0159\u00eddit se p\u0159\u00edkazy k zaji\u0161t\u011bn\u00ed po\u017e\u00e1rn\u00ed ochrany.<\/p>\n<p>13. V\u0161echny \u017e\u00e1dosti, p\u0159ipom\u00ednky a st\u00ed\u017enosti t\u00fdkaj\u00edc\u00ed se u\u017e\u00edv\u00e1n\u00ed ubytovac\u00edho za\u0159\u00edzen\u00ed p\u0159ed\u00e1vejte jeho provozovateli.<\/p>\n<p>14. Osoby u\u017e\u00edvaj\u00edc\u00ed ubytovac\u00ed za\u0159\u00edzen\u00ed jsou povinny v den odjezdu ozn\u00e1mit p\u0159edem \u010das odjezdu tak, aby mohla v p\u0159edstihu prob\u011bhnout kontrola pokoje a p\u0159evzet\u00ed prop\u016fj\u010den\u00e9ho vybaven\u00ed. Vstupn\u00ed karta mus\u00ed b\u00fdt odevzd\u00e1na na recepci p\u0159i check-out nejpozd\u011bji do 11 hodin.<\/p>\n<p>15. Zeitraum \u00fa\u010dtuje poplatek za z\u00e1v\u011bre\u010dn\u00fd \u00faklid ve v\u00fd\u0161i 100 EUR\/2 500 CZK za pokoj. Tento poplatek uhrad\u00ed Klient na recepci prvn\u00ed den Podn\u00e1jmu p\u0159i p\u0159ed\u00e1n\u00ed P\u0159edm\u011btu podn\u00e1jmu.<\/p>\n<p>16. V p\u0159\u00edpad\u011b poru\u0161en\u00ed jak\u00e9hokoliv bodu z domovn\u00edho \u0159\u00e1du je Zeitraum opr\u00e1vn\u011bn ulo\u017eit p\u0159\u00edslu\u0161nou pokutu.<\/p>\n<p>17. Tento domovn\u00ed \u0159\u00e1d nab\u00fdv\u00e1 \u00fa\u010dinnosti dnem 10.02.2026.<\/p>\n","protected":false},"excerpt":{"rendered":"<p>1. Ka\u017ed\u00e1 osoba nach\u00e1zej\u00edc\u00ed se v ubytovac\u00edm za\u0159\u00edzen\u00ed je povinna sezn\u00e1mit se s t\u00edmto \u0159\u00e1dem a dodr\u017eovat jej. 2. V prostor\u00e1ch ubytovac\u00edho za\u0159\u00edzen\u00ed se mohou vyskytovat pouze osoby u\u017e\u00edvaj\u00edc\u00ed ubytovac\u00ed za\u0159\u00edzen\u00ed na z\u00e1klad\u011b platn\u00e9 smlouvy nebo n\u00e1v\u0161t\u011bvy t\u011bchto osob nahl\u00e1\u0161en\u00e9 na recepci. 3. P\u0159\u00edpadn\u00e1 ztr\u00e1ta\/po\u0161kozen\u00ed vstupn\u00ed karty, \u010di jak\u00e9hokoliv kl\u00ed\u010de mus\u00ed b\u00fdt neprodlen\u011b ozn\u00e1mena recepci &hellip; <a href=\"https:\/\/students.zeitraum.re\/cs\/domovni-rad\/\">Continued<\/a><\/p>\n","protected":false},"author":10,"featured_media":0,"parent":0,"menu_order":11,"comment_status":"closed","ping_status":"closed","template":"","meta":{"om_disable_all_campaigns":false},"aioseo_notices":[],"_links":{"self":[{"href":"https:\/\/students.zeitraum.re\/cs\/wp-json\/wp\/v2\/pages\/10117"}],"collection":[{"href":"https:\/\/students.zeitraum.re\/cs\/wp-json\/wp\/v2\/pages"}],"about":[{"href":"https:\/\/students.zeitraum.re\/cs\/wp-json\/wp\/v2\/types\/page"}],"author":[{"embeddable":true,"href":"https:\/\/students.zeitraum.re\/cs\/wp-json\/wp\/v2\/users\/10"}],"replies":[{"embeddable":true,"href":"https:\/\/students.zeitraum.re\/cs\/wp-json\/wp\/v2\/comments?post=10117"}],"version-history":[{"count":12,"href":"https:\/\/students.zeitraum.re\/cs\/wp-json\/wp\/v2\/pages\/10117\/revisions"}],"predecessor-version":[{"id":17597,"href":"https:\/\/students.zeitraum.re\/cs\/wp-json\/wp\/v2\/pages\/10117\/revisions\/17597"}],"wp:attachment":[{"href":"https:\/\/students.zeitraum.re\/cs\/wp-json\/wp\/v2\/media?parent=10117"}],"curies":[{"name":"wp","href":"https:\/\/api.w.org\/{rel}","templated":true}]}}