{"id":10123,"date":"2021-06-02T13:12:17","date_gmt":"2021-06-02T13:12:17","guid":{"rendered":"https:\/\/students.zeitraum.re\/?page_id=10123"},"modified":"2026-02-17T13:28:57","modified_gmt":"2026-02-17T13:28:57","slug":"terms-conditions-accommodation","status":"publish","type":"page","link":"https:\/\/students.zeitraum.re\/cs\/terms-conditions-accommodation\/","title":{"rendered":"V\u0161eobecn\u00e9 obchodn\u00ed podm\u00ednky pro ubytov\u00e1n\u00ed"},"content":{"rendered":"<p><strong>V\u0161eobecn\u00e9 obchodn\u00ed podm\u00ednky pro ubytov\u00e1n\u00ed<\/strong><\/p>\n<p>&nbsp;<\/p>\n<p><strong>1. \u00davodn\u00ed ustanoven\u00ed<\/strong><\/p>\n<p>1.1. Zeitraum s.r.o., I\u010cO: 04184246, se s\u00eddlem U P\u016fj\u010dovny 952\/2, Nov\u00e9 M\u011bsto, 110 00 Praha 1, \u010cesk\u00e1 republika, zapsan\u00e1 v obchodn\u00edm rejst\u0159\u00edku veden\u00e9m M\u011bstsk\u00fdm soudem v Praze, spisov\u00e1 zna\u010dka C 243782 (d\u00e1le jen \u201e<strong>Zeitraum<\/strong>\u201c), je provozovatelem n\u00e1sleduj\u00edc\u00edch nemovitost\u00ed, ve kter\u00fdch poskytuje mimo jin\u00e9 ubytovac\u00ed slu\u017eby sv\u00fdm klient\u016fm:<\/p>\n<ul>\n<li><strong>Zeitraum Student House Seifertova<\/strong>, Seifertova 570\/55, 130 00, Praha 3, \u010cesk\u00e1 republika<\/li>\n<li><strong>Zeitraum Student House U Pr\u016fhonu<\/strong>, U Pr\u016fhonu 1099\/56, 17000, Praha 7, \u010cesk\u00e1 republika<\/li>\n<li><strong>Zeitraum Student House Prvn\u00edho pluku<\/strong>, Prvn\u00edho pluku 322\/21, 18600, Praha 8, \u010cesk\u00e1 republika<\/li>\n<\/ul>\n<p>(d\u00e1le spole\u010dn\u011b ozna\u010dov\u00e1ny jako \u201e<strong>studentsk\u00e9 domy Zeitraum<\/strong>\u201c).<\/p>\n<p>1.2. Zeitraum nab\u00edz\u00ed ubytov\u00e1n\u00ed v pokoj\u00edch \u010di apartm\u00e1nech r\u016fzn\u00fdch kategori\u00ed a s t\u00edm souvisej\u00edc\u00ed slu\u017eby v studentsk\u00fdch domech Zeitraum.<\/p>\n<p>1.3. Tyto V\u0161eobecn\u00e9 obchodn\u00ed podm\u00ednky pro ubytov\u00e1n\u00ed (d\u00e1le jen \u201e<strong>VOP<\/strong>\u201c) upravuj\u00ed (i) postup p\u0159i uzav\u0159en\u00ed smlouvy o ubytov\u00e1n\u00ed mezi Zeitraum jako provozovatelem studentsk\u00fdch dom\u016f Zeitraum, a fyzickou osobou projevuj\u00edc\u00ed z\u00e1jem o ubytov\u00e1n\u00ed ve studentsk\u00fdch domech Zeitraum (d\u00e1le jen \u201e<strong>Klient<\/strong>\u201c a \u201e<strong>Smlouva<\/strong>\u201c) a (ii) pr\u00e1va a povinnosti Zeitraum a Klienta vypl\u00fdvaj\u00edc\u00ed z t\u00e9to Smlouvy.<\/p>\n<p>1.4. Na z\u00e1klad\u011b Smlouvy se Zeitraum zavazuje poskytnout klientovi ubytov\u00e1n\u00ed ve studentsk\u00fdch domech Zeitraum na dohodnutou dobu, av\u0161ak ne d\u00e9le ne\u017e 30 dn\u016f, v ubytov\u00e1n\u00ed ur\u010den\u00e9m Zeitraumem podle vybran\u00e9 kategorie ubytov\u00e1n\u00ed Klienta (d\u00e1le jen \u201e<strong>Ubytov\u00e1n\u00ed<\/strong>\u201c) a Klient se zavazuje zaplatit Zeitraumu dohodnutou cenu za ubytov\u00e1n\u00ed a souvisej\u00edc\u00ed slu\u017eby.<\/p>\n<p>1.5. VOP jsou ned\u00edlnou sou\u010d\u00e1st\u00ed Smlouvy. Odchyln\u00e1 ustanoven\u00ed ve Smlouv\u011b maj\u00ed p\u0159ednost p\u0159ed ustanoven\u00edmi VOP.<\/p>\n<p>1.6. Pr\u00e1va a povinnosti stran vypl\u00fdvaj\u00edc\u00ed ze Smlouvy a VOP, kter\u00e9 nejsou v\u00fdslovn\u011b upraveny Smlouvou a VOP, se \u0159\u00edd\u00ed obecn\u011b platn\u00fdmi pr\u00e1vn\u00edmi p\u0159edpisy \u010cesk\u00e9 republiky, zejm\u00e9na ustanoven\u00edmi \u00a7 2326 n\u00e1sl. z\u00e1kona \u010d. 89\/2012 Sb., Ob\u010dansk\u00fd z\u00e1kon\u00edk, ve zn\u011bn\u00ed pozd\u011bj\u0161\u00edch p\u0159edpis\u016f (d\u00e1le jen \u201e<strong>Ob\u010dansk\u00fd z\u00e1kon\u00edk<\/strong>\u201c).<\/p>\n<p>&nbsp;<\/p>\n<p><strong>2. Uzav\u0159en\u00ed smlouvy<\/strong><\/p>\n<p>2.1. Zeitraum nab\u00edz\u00ed ubytov\u00e1n\u00ed ve studentsk\u00fdch domech Zeitraum prost\u0159ednictv\u00edm webov\u00fdch str\u00e1nek spole\u010dnosti Zeitraum, <a href=\"http:\/\/www.students.zeitraum.re\">students.zeitraum.re<\/a>. Nab\u00eddka zve\u0159ejn\u011bn\u00e1 na webov\u00fdch str\u00e1nk\u00e1ch Zeitraum p\u0159edstavuje n\u00e1vrh na uzav\u0159en\u00ed Smlouvy ve smyslu ustanoven\u00ed \u00a7 1732 (2) Ob\u010dansk\u00e9ho z\u00e1kon\u00edku (d\u00e1le jen \u201e<strong>Nab\u00eddka<\/strong>\u201c).<\/p>\n<p>2.2. Smlouva se uzav\u00edr\u00e1 na z\u00e1klad\u011b objedn\u00e1vky Klienta proveden\u00e9 prost\u0159ednictv\u00edm elektronick\u00e9ho rezerva\u010dn\u00edho formul\u00e1\u0159e na webov\u00fdch str\u00e1nk\u00e1ch Zeitraum, <a href=\"http:\/\/www.students.zeitraum.re\">students.zeitraum.re<\/a> (d\u00e1le jen \u201e<strong>Objedn\u00e1vka<\/strong>\u201c).<\/p>\n<p>2.3. Klient na webov\u00fdch str\u00e1nk\u00e1ch Zeitraum, <a href=\"http:\/\/www.students.zeitraum.re\">students.zeitraum.re<\/a>, vyb\u00edr\u00e1 n\u00e1sleduj\u00edc\u00ed: (i) studentsk\u00e9 domy Zeitraum, (ii) typ pokoje ve vybran\u00fdch studentsk\u00fdch domech Zeitraum (jednol\u016f\u017ekov\u00fd pokoj s vlastn\u00ed koupelnou a sd\u00edlenou kuchy\u0148kou, dvoul\u016f\u017ekov\u00fd pokoj se sd\u00edlenou koupelnou a sd\u00edlenou kuchy\u0148kou, apartm\u00e1n s vlastn\u00ed koupelnou a vlastn\u00ed kuchy\u0148kou, atd.), (iii) po\u010det osob (1 nebo 2 osoby), (iv) po\u017eadovan\u00e9 obdob\u00ed ubytov\u00e1n\u00ed (datum p\u0159\u00edjezdu a datum odjezdu), kter\u00e9 nesm\u00ed p\u0159es\u00e1hnout 30 dn\u016f (d\u00e1le ozna\u010dov\u00e1no jako \u201e<strong>Ubytovac\u00ed obdob\u00ed<\/strong>\u201c), a (v) m\u011bnu (CZK nebo EUR), ve kter\u00e9 zam\u00fd\u0161l\u00ed zaplatit cenu Ubytov\u00e1n\u00ed Zeitraumu. N\u00e1sledn\u011b Klient vypln\u00ed sv\u00e9 identifika\u010dn\u00ed a kontaktn\u00ed \u00fadaje (zejm\u00e9na jm\u00e9no a p\u0159\u00edjmen\u00ed, \u010d\u00edslo pasu nebo ob\u010dansk\u00e9ho pr\u016fkazu, trval\u00e1 adresa bydli\u0161t\u011b, telefonn\u00ed \u010d\u00edslo, e-mail) a \u00fadaje o spolubydl\u00edc\u00edm, pokud Klient objedn\u00e1v\u00e1 ubytov\u00e1n\u00ed pro dv\u011b osoby. P\u0159ed odesl\u00e1n\u00edm Objedn\u00e1vky si Klient m\u016f\u017ee zkontrolovat a zm\u011bnit \u00fadaje, kter\u00e9 do Objedn\u00e1vky zadal.<\/p>\n<p>2.4. P\u0159ed odesl\u00e1n\u00edm Objedn\u00e1vky m\u00e1 Klient k dispozici odkaz na VOP, aby se s nimi sezn\u00e1mil. P\u0159ed odesl\u00e1n\u00edm Objedn\u00e1vky potvrzuje Klient za\u0161krtnut\u00edm p\u0159\u00edslu\u0161n\u00e9ho pol\u00ed\u010dka, \u017ee uzn\u00e1v\u00e1, \u017ee pr\u00e1va a povinnosti Klienta a Zeitraum jsou upraveny smlouvou a VOP, \u017ee VOP p\u0159e\u010detl a souhlas\u00ed s nimi. Objedn\u00e1vku Nen\u00ed mo\u017en\u00e9 vytvo\u0159it bez tohoto potvrzen\u00ed.<\/p>\n<p>2.5. Klient odes\u00edl\u00e1 Objedn\u00e1vku stisknut\u00edm tla\u010d\u00edtka \u201eDOKON\u010cIT REZERVACI\u201c, \u010d\u00edm\u017e potvrzuje Objedn\u00e1vku a z\u00e1rove\u0148 ov\u011b\u0159uje spr\u00e1vnost zadan\u00fdch identifika\u010dn\u00edch a kontaktn\u00edch \u00fadaj\u016f. Potvrzen\u00edm Objedn\u00e1vky Klient souhlas\u00ed s pou\u017eit\u00edm prost\u0159edk\u016f komunikace na d\u00e1lku p\u0159i uzav\u00edr\u00e1n\u00ed Smlouvy. N\u00e1klady vznikl\u00e9 Klientovi p\u0159i pou\u017e\u00edv\u00e1n\u00ed prost\u0159edk\u016f komunikace na d\u00e1lku v souvislosti s uzav\u0159en\u00edm Smlouvy nese Klient.<\/p>\n<p>2.6. Objedn\u00e1vka p\u0159edstavuje akceptaci nab\u00eddky. Smlouva je uzav\u0159ena odesl\u00e1n\u00edm Objedn\u00e1vky prost\u0159ednictv\u00edm elektronick\u00e9ho rezerva\u010dn\u00edho formul\u00e1\u0159e.<\/p>\n<p>2.7. Ihned po odesl\u00e1n\u00ed Objedn\u00e1vky je Klient povinen uhradit spole\u010dnosti Zeitraum cenu ubytov\u00e1n\u00ed v\u010detn\u011b souvisej\u00edc\u00edch slu\u017eeb (d\u00e1le ozna\u010dov\u00e1no jako \u201e<strong>Cena ubytov\u00e1n\u00ed<\/strong>\u201c) kartou prost\u0159ednictv\u00edm platebn\u00ed br\u00e1ny, na kterou je Klient automaticky p\u0159esm\u011brov\u00e1n po odesl\u00e1n\u00ed Objedn\u00e1vky. Cena ubytov\u00e1n\u00ed nem\u016f\u017ee b\u00fdt uhrazena jin\u00fdm zp\u016fsobem. Pokud Klient nezaplat\u00ed Cenu ubytov\u00e1n\u00ed t\u00edmto zp\u016fsobem ihned po odesl\u00e1n\u00ed Objedn\u00e1vky, Smlouva bude ukon\u010dena (podm\u00ednka ukon\u010den\u00ed). Cena ubytov\u00e1n\u00ed zahrnuje ve\u0161ker\u00e9 dan\u011b a poplatky.<\/p>\n<p>2.8. Klient je informov\u00e1n o v\u00fd\u0161i Ceny ubytov\u00e1n\u00ed a platebn\u00ed metod\u011b, stejn\u011b jako o podm\u00ednk\u00e1ch zru\u0161en\u00ed smlouvy, p\u0159ed odesl\u00e1n\u00edm Objedn\u00e1vky. P\u0159ed odesl\u00e1n\u00edm Objedn\u00e1vky potvrzuje Klient za\u0161krtnut\u00edm p\u0159\u00edslu\u0161n\u00e9ho pol\u00ed\u010dka, \u017ee se sezn\u00e1mil s obchodn\u00edmi podm\u00ednkami, kter\u00e9 jsou rovn\u011b\u017e obsa\u017eeny ve VOP, a souhlas\u00ed s nimi. Nen\u00ed mo\u017en\u00e9 vytvo\u0159it Objedn\u00e1vku bez tohoto potvrzen\u00ed.<\/p>\n<p>2.9. Zeitraum za\u0161le Klientovi potvrzen\u00ed o uzav\u0159en\u00ed smlouvy, v\u010detn\u011b VOP, na e-mailovou adresu Klienta uvedenou v Objedn\u00e1vce, bez zbyte\u010dn\u00e9ho odkladu po odesl\u00e1n\u00ed Objedn\u00e1vky a uhrazen\u00ed Ceny ubytov\u00e1n\u00ed. Potvrzen\u00ed o uzav\u0159en\u00ed Smlouvy, v\u010detn\u011b VOP,\u00a0 za\u0161le Zeitraum Klientovi elektronickou formou na e-mailovou adresu Klienta uvedenou v Objedn\u00e1vce, nebo na jinou e-mailovou adresu Klienta, kterou Klient pro tento \u00fa\u010del komunikuje Zeitraumu, a to kdykoli na Klient\u016fv po\u017eadavek.<\/p>\n<p>&nbsp;<\/p>\n<p><strong>3. Podm\u00ednky zru\u0161en\u00ed<\/strong><\/p>\n<p>3.1. Klient m\u00e1 pr\u00e1vo jednostrann\u011b zru\u0161it Smlouvu za podm\u00ednek stanoven\u00fdch v \u010dl\u00e1nku 3 VOP.<\/p>\n<p>3.2. Klient m\u00e1 pr\u00e1vo zdarma zru\u0161it smlouvu v\u00edce ne\u017e 30 dn\u00ed p\u0159ed dohodnut\u00fdm za\u010d\u00e1tkem Ubytovac\u00edho obdob\u00ed a v takov\u00fdch p\u0159\u00edpadech mu Zeitraum vr\u00e1t\u00ed cenu ubytov\u00e1n\u00ed v pln\u00e9 v\u00fd\u0161i, nejpozd\u011bji do 14 dn\u016f ode dne doru\u010den\u00ed Klientova ozn\u00e1men\u00ed o zru\u0161en\u00ed.<\/p>\n<p>3.3.\u00a0Pokud Klient zru\u0161\u00ed smlouvu 30 dn\u00ed nebo m\u00e9n\u011b p\u0159ed dohodnut\u00fdm\u00a0za\u010d\u00e1tkem\u00a0Ubytovac\u00edho obdob\u00ed, je povinen uhradit Zeitraumu storno poplatek ve v\u00fd\u0161i 100 % ceny ubytov\u00e1n\u00ed (d\u00e1le ozna\u010dov\u00e1n jako \u201eStorno poplatek\u201c), a Zeitraum m\u00e1\u00a0v takov\u00e9m p\u0159\u00edpad\u011b pr\u00e1vo vyu\u017e\u00edt zaplacenou cenu ubytov\u00e1n\u00ed jako Storno poplatek.<\/p>\n<p>3.4. Klient mus\u00ed informovat Zeitraum p\u00edsemn\u011b o ukon\u010den\u00ed Smlouvy dopisem zasl\u00e1n\u00fdm na adresu Zeitraum, U P\u016fj\u010dovny 952\/2, Nov\u00e9 M\u011bsto, 110 00 Praha 1, \u010cesk\u00e1 republika, nebo e-mailem na e-mailovou adresu Zeitraum, frontdesk@zeitraum.re. Pro dodr\u017een\u00ed lh\u016fty je rozhoduj\u00edc\u00ed datum doru\u010den\u00ed ozn\u00e1men\u00ed o ukon\u010den\u00ed Smlouvy Zeitraumu.<\/p>\n<p>3.5. Pokud Klient z jak\u00e9hokoli d\u016fvodu nenastoup\u00ed do Zeitraum studentsk\u00fdch dom\u016f prvn\u00edho dne Ubytovac\u00edho obdob\u00ed, Smlouva zanikne (podm\u00ednka ukon\u010den\u00ed). Klient je rovn\u011b\u017e povinen zaplatit Zeitraumu storno poplatek, a v t\u011bchto p\u0159\u00edpadech m\u00e1 Zeitraum pr\u00e1vo vyu\u017e\u00edt zaplacenou cenu ubytov\u00e1n\u00ed jako storno poplatek.<\/p>\n<p>3.6. Klient je povinen zaplatit storno poplatek i v p\u0159\u00edpad\u011b, kdy d\u016fvodem Klientova zru\u0161en\u00ed je mimo\u0159\u00e1dn\u00e1 nebo nep\u0159edv\u00eddateln\u00e1 okolnost, kter\u00e1 vznikla nez\u00e1visle na Klientov\u011b v\u016fli (nap\u0159. pandemie, p\u0159\u00edrodn\u00ed katastrofy, teroristick\u00e9 \u00fatoky, vl\u00e1dn\u00ed na\u0159\u00edzen\u00ed o uzav\u0159en\u00ed hranic, atd.).<\/p>\n<p>&nbsp;<\/p>\n<p><strong>4. Ubytov\u00e1n\u00ed<\/strong><\/p>\n<p>4.1. Uzav\u0159en\u00edm Smlouvy m\u00e1 Klient pr\u00e1vo na ubytov\u00e1n\u00ed ve vybran\u00e9 kategorii ubytov\u00e1n\u00ed v Zeitraum studentsk\u00fdch domech, kterou si vybral, ale nem\u00e1 pr\u00e1vo na ubytov\u00e1n\u00ed v konkr\u00e9tn\u00edm pokoji \u010di apartm\u00e1nu; to je ur\u010deno Zeitraumem v r\u00e1mci Zeitraum studentsk\u00fdch dom\u016f a kategorie ubytov\u00e1n\u00ed vybran\u00e9 Klientem.<\/p>\n<p>4.2. Ubytov\u00e1n\u00ed je poskytov\u00e1no s vybaven\u00edm, jeho\u017e obecn\u00fd popis je uveden na webov\u00fdch str\u00e1nk\u00e1ch Zeitraum, <a href=\"http:\/\/www.students.zeitraum.re\">students.zeitraum.re<\/a>. Konkr\u00e9tn\u00ed seznam vybaven\u00ed ubytov\u00e1n\u00ed bude uveden v protokolu o p\u0159ed\u00e1n\u00ed uzav\u0159en\u00e9m mezi Zeitraumem a Klientem p\u0159i p\u0159ed\u00e1n\u00ed ubytov\u00e1n\u00ed. Ubytov\u00e1n\u00ed bude p\u0159ed\u00e1no\u00a0Zeitraumem Klientovi prvn\u00ed den Ubytovac\u00edho obdob\u00ed od 15:00 do 19:00, pokud se strany p\u0159edem nedohodnou jinak.<\/p>\n<p>4.3. Klient m\u016f\u017ee vyu\u017e\u00edvat ubytov\u00e1n\u00ed v\u00fdhradn\u011b pro ubytovac\u00ed \u00fa\u010dely. Klient nen\u00ed opr\u00e1vn\u011bn p\u0159enechat ubytov\u00e1n\u00ed nebo jeho \u010d\u00e1st t\u0159et\u00ed osob\u011b ani dovolit t\u0159et\u00ed osob\u011b u\u017e\u00edvat ubytov\u00e1n\u00ed spole\u010dn\u011b s Klientem. V p\u0159\u00edpad\u011b poru\u0161en\u00ed tohoto ustanoven\u00ed je Zeitraum opr\u00e1vn\u011bn okam\u017eit\u011b ukon\u010dit Smlouvu bez v\u00fdpov\u011bdn\u00ed lh\u016fty.<\/p>\n<p>4.4. Pokud si Klient zvol\u00ed ubytov\u00e1n\u00ed v pokoji s v\u00edce postelemi, Klient uzn\u00e1v\u00e1, \u017ee dal\u0161\u00ed postele v pokoji budou obsazeny dal\u0161\u00edmi klienty Zeitraum a Klient je povinen tolerovat u\u017e\u00edv\u00e1n\u00ed pokoje ostatn\u00edmi spolubydl\u00edc\u00edmi a neru\u0161it je p\u0159i u\u017e\u00edv\u00e1n\u00ed pokoje. Klient nem\u00e1 pr\u00e1vo si vyb\u00edrat spolubydl\u00edc\u00edho.<\/p>\n<p>4.5.\u00a0V p\u0159\u00edpad\u011b mimo\u0159\u00e1dn\u00fdch okolnost\u00ed (nap\u0159. hav\u00e1rie vody) je Zeitraum opr\u00e1vn\u011bn po\u017eadovat, aby se Klient, po dobu trv\u00e1n\u00ed t\u011bchto mimo\u0159\u00e1dn\u00fdch okolnost\u00ed nebo na dobu nezbytn\u011b nutnou k odstran\u011bn\u00ed n\u00e1sledk\u016f t\u011bchto mimo\u0159\u00e1dn\u00fdch okolnost\u00ed, p\u0159est\u011bhoval do jin\u00e9ho Ubytov\u00e1n\u00ed. Klient je povinen vyhov\u011bt t\u011bmto po\u017eadavk\u016fm Zeitraumu, a p\u0159est\u011bhovat se do nov\u00e9ho Ubytov\u00e1n\u00ed bez zbyte\u010dn\u00e9ho odkladu pot\u00e9, co mu Zeitraum doru\u010d\u00ed ozn\u00e1men\u00ed. Nesouhlas\u00ed-li Klient se zm\u011bnou ubytov\u00e1n\u00ed, je opr\u00e1vn\u011bn vypov\u011bd\u011bt Smlouvu bez v\u00fdpov\u011bdn\u00ed lh\u016fty do 2 dn\u016f ode dne doru\u010den\u00ed ozn\u00e1men\u00ed spole\u010dnosti Zeitraum.<\/p>\n<p>&nbsp;<\/p>\n<p><strong>5. Ostatn\u00ed pr\u00e1va a povinnosti<\/strong><\/p>\n<p>5.1. Klient je povinen u\u017e\u00edvat ubytov\u00e1n\u00ed tak, aby nedo\u0161lo k po\u0161kozen\u00ed nebo zhor\u0161en\u00ed jeho stavu nad b\u011b\u017en\u00fd opot\u0159ebiteln\u00fd stav, a aby ubytov\u00e1n\u00ed z\u016fstalo \u010dist\u00e9 a funk\u010dn\u00ed.<\/p>\n<p>5.2. Klient je povinen chovat se v ubytov\u00e1n\u00ed a spole\u010dn\u00fdch prostor\u00e1ch Zeitraum studentsk\u00fdch dom\u016f tak, aby neru\u0161il ani neomezoval ostatn\u00ed u\u017eivatele.<\/p>\n<p>5.3. Klient je zodpov\u011bdn\u00fd za ve\u0161ker\u00e9 \u0161kody vznikl\u00e9 v ubytov\u00e1n\u00ed v\u010detn\u011b jeho vybaven\u00ed, stejn\u011b jako za \u0161kody, kter\u00e9 Klient zp\u016fsob\u00ed ve spole\u010dn\u00fdch prosterech nebo jejich vybaven\u00ed Zeitraum studentsk\u00fdch dom\u016f.<\/p>\n<p>5.4. Zeitraum studentsk\u00e9 domy, v\u010detn\u011b ubytov\u00e1n\u00ed, jsou p\u0159\u00edsn\u011b neku\u0159\u00e1ck\u00e9. Klient se zavazuje dodr\u017eovat toto z\u00e1kaz kou\u0159en\u00ed. V p\u0159\u00edpad\u011b poru\u0161en\u00ed tohoto z\u00e1kazu m\u00e1 Zeitraum pr\u00e1vo po\u017eadovat, aby Klient zaplatil smluvn\u00ed pokutu ve v\u00fd\u0161i 202 EUR\/ 5 000 CZK za ka\u017ed\u00e9 poru\u0161en\u00ed. V p\u0159\u00edpad\u011b poru\u0161en\u00ed z\u00e1kazu kou\u0159en\u00ed m\u00e1 Zeitraum tak\u00e9 pr\u00e1vo ukon\u010dit Smlouvu bez v\u00fdpov\u011bdn\u00ed lh\u016fty.\u00a0Pokud jsou po\u017e\u00e1rn\u00ed senzory\u00a0spu\u0161t\u011bny jak\u00fdmkoli zp\u016fsobem, a t\u00edm\u00a0dojde\u00a0k fale\u0161n\u00e9mu poplachu, je Klient povinen uhradit n\u00e1klady za z\u00e1sah hasi\u010dsk\u00fdch vozidel v pln\u00e9 v\u00fd\u0161i.<\/p>\n<p>5.5.\u00a0Klient je povinen bez zbyte\u010dn\u00e9ho odkladu ozn\u00e1mit Zeitraumu pot\u0159ebu jak\u00fdchkoli oprav na ubytov\u00e1n\u00ed v\u010detn\u011b jeho vybaven\u00ed a umo\u017enit Zeitraumu\u00a0prov\u00e1d\u011bt takov\u00e9 opravy.<\/p>\n<p>5.6. Klient nen\u00ed opr\u00e1vn\u011bn prov\u00e1d\u011bt \u017e\u00e1dn\u00e9 zm\u011bny ani \u00fapravy ubytov\u00e1n\u00ed, v\u010detn\u011b mont\u00e1\u017ee nebo instalace jak\u00fdchkoli p\u0159edm\u011bt\u016f na st\u011bnu ubytov\u00e1n\u00ed.<\/p>\n<p>5.7. Zeitraum vyhla\u0161uje domovn\u00ed \u0159\u00e1d pro u\u017e\u00edv\u00e1n\u00ed Zeitraum studentsk\u00fdch dom\u016f, kter\u00fd je opr\u00e1vn\u011bn kdykoliv jednostrann\u011b m\u011bnit. Aktu\u00e1ln\u00ed domovn\u00ed \u0159\u00e1d je v\u017edy zve\u0159ejn\u011bn (vyv\u011b\u0161en) ve spole\u010dn\u00fdch prostor\u00e1ch Zeitraum studentsk\u00fdch dom\u016f, a na webov\u00fdch str\u00e1nk\u00e1ch Zeitraum, <a href=\"http:\/\/www.students.zeitraum.re\">students.zeitraum.re<\/a>.\u00a0Klient je povinen\u00a0se t\u00edmto domovn\u00edm \u0159\u00e1dem \u0159\u00eddit.<\/p>\n<p>5.8. Spole\u010dn\u00e9 prostory Zeitraum studentsk\u00fdch dom\u016f jsou vybaveny kamerov\u00fdm syst\u00e9mem k ochran\u011b majetku. Klient je povinen tolerovat kamerov\u00fd syst\u00e9m v Zeitraum studentsk\u00fdch domech.<\/p>\n<p>5.9. V souvislosti s ubytov\u00e1n\u00edm poskytuje Zeitraum Klientovi b\u011b\u017en\u00e9 slu\u017eby souvisej\u00edc\u00ed s ubytov\u00e1n\u00edm, jako je \u00faklid ubytov\u00e1n\u00ed, poskytov\u00e1n\u00ed lo\u017en\u00edho pr\u00e1dla a ru\u010dn\u00edk\u016f atd.<\/p>\n<p>5.10. Klient bere na v\u011bdom\u00ed, \u017ee Zeitraum je povinen spl\u0148ovat povinnosti stanoven\u00e9 z\u00e1konem \u010d. 326\/1999 Sb., o pobytu cizinc\u016f na \u00fazem\u00ed \u010cesk\u00e9 republiky, v\u010detn\u011b povinnosti ozn\u00e1men\u00ed, v p\u0159\u00edpad\u011b pobytu cizinc\u016f. K pln\u011bn\u00ed t\u011bchto povinnost\u00ed je Klient povinen poskytnout Zeitraumu nezbytnou spolupr\u00e1ci, v\u010detn\u011b vypln\u011bn\u00ed p\u0159ihl\u00e1\u0161ky. Pokud Klient nem\u00e1 pr\u00e1vo pobytu v \u010cesk\u00e9 republice nebo mu vypr\u0161\u00ed, m\u00e1 Zeitraum pr\u00e1vo ukon\u010dit Smlouvu bez v\u00fdpov\u011bdn\u00ed lh\u016fty.<\/p>\n<p>5.11. Klient bere na v\u011bdom\u00ed, \u017ee osobn\u00ed \u00fadaje z\u00edskan\u00e9 b\u011bhem pln\u011bn\u00ed Smlouvy budou zpracov\u00e1ny v souladu s Na\u0159\u00edzen\u00edm (EU) 2016\/679 Evropsk\u00e9ho parlamentu a Rady ze dne 27. dubna 2016 o ochran\u011b fyzick\u00fdch osob v souvislosti se zpracov\u00e1n\u00edm osobn\u00edch \u00fadaj\u016f a o voln\u00e9m pohybu t\u011bchto \u00fadaj\u016f a v souladu se Z\u00e1sadami ochrany osobn\u00edch \u00fadaj\u016f Zeitraum uve\u0159ejn\u011bn\u00fdmi na webov\u00e9 str\u00e1nce Zeitraum, <a href=\"http:\/\/www.students.zeitraum.re\">students.zeitraum.re<\/a>.<\/p>\n<p>&nbsp;<\/p>\n<p><strong>6. Ukon\u010den\u00ed smlouvy<\/strong><\/p>\n<p>6.1. Klient m\u00e1 pr\u00e1vo ukon\u010dit Smlouvu p\u0159ed uplynut\u00edm dohodnut\u00e9ho Ubytovac\u00edho obdob\u00ed v p\u0159\u00edpadech uveden\u00fdch ve VOP.<\/p>\n<p>6.2. Zeitraum m\u00e1 pr\u00e1vo ukon\u010dit smlouvu p\u0159ed uplynut\u00edm dohodnut\u00e9ho Ubytovac\u00edho obdob\u00ed, pokud Klient poru\u0161\u00ed sv\u00e9 povinnosti podle Smlouvy, navzdory v\u00fdzv\u011b. Zeitraum m\u00e1 tak\u00e9 pr\u00e1vo ukon\u010dit smlouvu p\u0159ed uplynut\u00edm dohodnut\u00e9ho Ubytovac\u00edho obdob\u00ed v p\u0159\u00edpadech uveden\u00fdch ve VOP.<\/p>\n<p>6.3. Po skon\u010den\u00ed ubytov\u00e1n\u00ed je Klient povinen vr\u00e1tit ubytov\u00e1n\u00ed Zeitraumu \u010dist\u00e9 a ve stejn\u00e9m stavu, v jak\u00e9m bylo p\u0159ed\u00e1no Klientovi, s p\u0159ihl\u00e9dnut\u00edm k b\u011b\u017en\u00e9mu opot\u0159eben\u00ed p\u0159i spr\u00e1vn\u00e9m u\u017e\u00edv\u00e1n\u00ed. Klient je povinen vr\u00e1tit Zeitraumu v\u0161echny kl\u00ed\u010de,\u00a0p\u0159\u00edstupov\u00e9 karty a ve\u0161ker\u00e9 dal\u0161\u00ed p\u0159edm\u011bty, kter\u00e9 p\u0159evzal od Zeitraumu v souvislosti s uzav\u0159en\u00edm Smlouvy.<\/p>\n<p>6.4. Klient p\u0159ed\u00e1 ubytov\u00e1n\u00ed Zeitraumu posledn\u00ed den ubytovac\u00edho obdob\u00ed nejpozd\u011bji do 11:00.<\/p>\n<p>6.5. V p\u0159\u00edpad\u011b zpo\u017ed\u011bn\u00ed Klienta p\u0159i vyklizen\u00ed a \u0159\u00e1dn\u00e9m p\u0159ed\u00e1n\u00ed ubytov\u00e1n\u00ed Zeitraum m\u00e1 Zeitraum pr\u00e1vo po\u017eadovat, aby Klient zaplatil smluvn\u00ed pokutu ve v\u00fd\u0161i 20 EUR\/ 500 CZK za ka\u017ed\u00fd den zpo\u017ed\u011bn\u00ed.<\/p>\n<p>&nbsp;<\/p>\n<p><strong>7. \u0158e\u0161en\u00ed spor\u016f<\/strong><\/p>\n<p>7.1. V\u0161echny spory mezi Zeitraumem a Klientem vypl\u00fdvaj\u00edc\u00ed ze Smlouvy budou prim\u00e1rn\u011b \u0159e\u0161eny jedn\u00e1n\u00edm mezi stranami.<\/p>\n<p>7.2. Vznikne-li spor mezi Klientem a Zeitraumem vypl\u00fdvaj\u00edc\u00ed ze Smlouvy, kter\u00fd nelze vy\u0159e\u0161it vz\u00e1jemnou dohodou, m\u016f\u017ee Klient podat n\u00e1vrh na mimosoudn\u00ed \u0159e\u0161en\u00ed takov\u00e9ho sporu podle Smlouvy p\u0159\u00edslu\u0161n\u00e9mu subjektu pro mimosoudn\u00ed \u0159e\u0161en\u00ed spot\u0159ebitelsk\u00fdch spor\u016f podle z\u00e1kona \u010d. 634\/1992 Sb., o ochran\u011b spot\u0159ebitele, a to na n\u00e1sleduj\u00edc\u00ed kontaktn\u00ed \u00fadaje:<\/p>\n<p><strong>\u010cesk\u00e1 obchodn\u00ed inspekce<\/strong><\/p>\n<p>\u00dast\u0159edn\u00ed inspektor\u00e1t &#8211; odd\u011blen\u00ed pro mimosoudn\u00ed \u0159e\u0161en\u00ed spot\u0159ebitelsk\u00fdch spor\u016f<\/p>\n<p>\u0160t\u011bp\u00e1nsk\u00e1 15<\/p>\n<p>120 00, Praha 2<\/p>\n<p>E-mail: <a href=\"mailto:adr@coi.cz\">adr@coi.cz<\/a><\/p>\n<p>WEB: adr.coi.cz<\/p>\n<p>&nbsp;<\/p>\n<p>Pot\u0159ebn\u00e9 informace pro mimosoudn\u00ed \u0159e\u0161en\u00ed spot\u0159ebitelsk\u00fdch spor\u016f jsou zve\u0159ejn\u011bny na webov\u00fdch str\u00e1nk\u00e1ch \u010cesk\u00e9 obchodn\u00ed inspekce, <a href=\"http:\/\/www.coi.cz\">www.coi.cz<\/a> .<\/p>\n<p>7.3. Klient m\u016f\u017ee tak\u00e9 vyu\u017e\u00edt online platformu pro \u0159e\u0161en\u00ed spor\u016f z\u0159\u00edzenou Evropskou komis\u00ed na adrese <a href=\"https:\/\/ec.europa.eu\/consumers\/odr\/main\/\">https:\/\/ec.europa.eu\/consumers\/odr\/main\/<\/a> .<\/p>\n<p>7.4. Pokud spor mezi Zeitraumem a Klientem nen\u00ed vy\u0159e\u0161en mimosoudn\u00ed cestou, bude tento spor rozhodnut soudy \u010cesk\u00e9 republiky.<\/p>\n<p>&nbsp;<\/p>\n<p><strong>8. Spole\u010dn\u00e1 a z\u00e1v\u011bre\u010dn\u00e1 ustanoven\u00ed<\/strong><\/p>\n<p>8.1. V\u0161echna ozn\u00e1men\u00ed, \u017e\u00e1dosti nebo jin\u00e9 formy komunikace podan\u00e9 jednou ze stran na z\u00e1klad\u011b t\u00e9to Smlouvy (d\u00e1le jen \u201e<strong>Ozn\u00e1men\u00ed<\/strong>\u201c) mus\u00ed b\u00fdt u\u010din\u011bny p\u00edsemn\u011b a pokud nen\u00ed uvedeno jinak, mus\u00ed b\u00fdt doru\u010deny p\u0159\u00edslu\u0161n\u00e9 stran\u011b (adres\u00e1tovi) osobn\u011b, prost\u0159ednictv\u00edm kur\u00fdra, po\u0161tou nebo e-mailem. E-mailov\u00e9 zpr\u00e1vy jsou tak\u00e9 pova\u017eov\u00e1ny za p\u00edsemnou formu. Pokud nen\u00ed uvedeno jinak, kontaktn\u00ed \u00fadaje stran pro zas\u00edl\u00e1n\u00ed Ozn\u00e1men\u00ed jsou:<\/p>\n<p>&nbsp;<\/p>\n<p><strong>Zeitraum<\/strong>:<\/p>\n<p>Adresa: (i) U P\u016fj\u010dovny 952\/2, Nov\u00e9 M\u011bsto, 110 00 Praha 1<\/p>\n<p>nebo<\/p>\n<p>(ii) Adresa Zeitraum Student Houses, kde je ubytov\u00e1n\u00ed zaji\u0161t\u011bno<\/p>\n<p>E-mail: frontdesk@zeitraum.re<\/p>\n<p>&nbsp;<\/p>\n<p><strong>Klient<\/strong>:<\/p>\n<p>Adresa: (i) Trval\u00e9 bydli\u0161t\u011b Klienta<\/p>\n<p>nebo<\/p>\n<p>(ii) Adresa Zeitraum Student Houses, kde je ubytov\u00e1n\u00ed zaji\u0161t\u011bno, pokud Klient vyu\u017e\u00edv\u00e1 ubytov\u00e1n\u00ed v dob\u011b odesl\u00e1n\u00ed Ozn\u00e1men\u00ed<\/p>\n<p>E-mail: E-mail Klienta uveden\u00fd Klientem v objedn\u00e1vce<\/p>\n<p>&nbsp;<\/p>\n<p>8.2. Smlouva a vztahy vypl\u00fdvaj\u00edc\u00ed z t\u00e9to Smlouvy podl\u00e9haj\u00ed pr\u00e1vu \u010cesk\u00e9 republiky.<\/p>\n<p>&nbsp;<\/p>\n<p>8.3. Smlouva je uzav\u0159ena v \u010desk\u00e9m jazyce.<\/p>\n<p>&nbsp;<\/p>\n<p>8.4. Zeitraum nen\u00ed v\u00e1z\u00e1n \u017e\u00e1dn\u00fdm etick\u00fdm kodexem.<\/p>\n<p>&nbsp;<\/p>\n","protected":false},"excerpt":{"rendered":"<p>V\u0161eobecn\u00e9 obchodn\u00ed podm\u00ednky pro ubytov\u00e1n\u00ed &nbsp; 1. \u00davodn\u00ed ustanoven\u00ed 1.1. Zeitraum s.r.o., I\u010cO: 04184246, se s\u00eddlem U P\u016fj\u010dovny 952\/2, Nov\u00e9 M\u011bsto, 110 00 Praha 1, \u010cesk\u00e1 republika, zapsan\u00e1 v obchodn\u00edm rejst\u0159\u00edku veden\u00e9m M\u011bstsk\u00fdm soudem v Praze, spisov\u00e1 zna\u010dka C 243782 (d\u00e1le jen \u201eZeitraum\u201c), je provozovatelem n\u00e1sleduj\u00edc\u00edch nemovitost\u00ed, ve kter\u00fdch poskytuje mimo jin\u00e9 ubytovac\u00ed slu\u017eby sv\u00fdm &hellip; <a href=\"https:\/\/students.zeitraum.re\/cs\/terms-conditions-accommodation\/\">Continued<\/a><\/p>\n","protected":false},"author":10,"featured_media":0,"parent":0,"menu_order":11,"comment_status":"closed","ping_status":"closed","template":"","meta":{"om_disable_all_campaigns":false},"aioseo_notices":[],"_links":{"self":[{"href":"https:\/\/students.zeitraum.re\/cs\/wp-json\/wp\/v2\/pages\/10123"}],"collection":[{"href":"https:\/\/students.zeitraum.re\/cs\/wp-json\/wp\/v2\/pages"}],"about":[{"href":"https:\/\/students.zeitraum.re\/cs\/wp-json\/wp\/v2\/types\/page"}],"author":[{"embeddable":true,"href":"https:\/\/students.zeitraum.re\/cs\/wp-json\/wp\/v2\/users\/10"}],"replies":[{"embeddable":true,"href":"https:\/\/students.zeitraum.re\/cs\/wp-json\/wp\/v2\/comments?post=10123"}],"version-history":[{"count":5,"href":"https:\/\/students.zeitraum.re\/cs\/wp-json\/wp\/v2\/pages\/10123\/revisions"}],"predecessor-version":[{"id":17460,"href":"https:\/\/students.zeitraum.re\/cs\/wp-json\/wp\/v2\/pages\/10123\/revisions\/17460"}],"wp:attachment":[{"href":"https:\/\/students.zeitraum.re\/cs\/wp-json\/wp\/v2\/media?parent=10123"}],"curies":[{"name":"wp","href":"https:\/\/api.w.org\/{rel}","templated":true}]}}