{"id":10182,"date":"2021-07-14T19:16:16","date_gmt":"2021-07-14T19:16:16","guid":{"rendered":"https:\/\/students.zeitraum.re\/?page_id=10182"},"modified":"2022-07-05T10:25:53","modified_gmt":"2022-07-05T10:25:53","slug":"specialni-nabidky","status":"publish","type":"page","link":"https:\/\/students.zeitraum.re\/cs\/specialni-nabidky\/","title":{"rendered":"Speci\u00e1ln\u00ed nab\u00eddky"},"content":{"rendered":"<h1>Speci\u00e1ln\u00ed nab\u00eddky p\u0159\u00edmo pro v\u00e1s<\/h1>\n<p>Prozkoumejte slevy a akce od na\u0161ich partner\u016f!<\/p>\n","protected":false},"excerpt":{"rendered":"<p>Speci\u00e1ln\u00ed nab\u00eddky p\u0159\u00edmo pro v\u00e1s Prozkoumejte slevy a akce od na\u0161ich partner\u016f!<\/p>\n","protected":false},"author":10,"featured_media":9560,"parent":0,"menu_order":4,"comment_status":"closed","ping_status":"closed","template":"views\/universities.blade.php","meta":{"om_disable_all_campaigns":false},"aioseo_notices":[],"_links":{"self":[{"href":"https:\/\/students.zeitraum.re\/cs\/wp-json\/wp\/v2\/pages\/10182"}],"collection":[{"href":"https:\/\/students.zeitraum.re\/cs\/wp-json\/wp\/v2\/pages"}],"about":[{"href":"https:\/\/students.zeitraum.re\/cs\/wp-json\/wp\/v2\/types\/page"}],"author":[{"embeddable":true,"href":"https:\/\/students.zeitraum.re\/cs\/wp-json\/wp\/v2\/users\/10"}],"replies":[{"embeddable":true,"href":"https:\/\/students.zeitraum.re\/cs\/wp-json\/wp\/v2\/comments?post=10182"}],"version-history":[{"count":3,"href":"https:\/\/students.zeitraum.re\/cs\/wp-json\/wp\/v2\/pages\/10182\/revisions"}],"predecessor-version":[{"id":10185,"href":"https:\/\/students.zeitraum.re\/cs\/wp-json\/wp\/v2\/pages\/10182\/revisions\/10185"}],"wp:featuredmedia":[{"embeddable":true,"href":"https:\/\/students.zeitraum.re\/cs\/wp-json\/wp\/v2\/media\/9560"}],"wp:attachment":[{"href":"https:\/\/students.zeitraum.re\/cs\/wp-json\/wp\/v2\/media?parent=10182"}],"curies":[{"name":"wp","href":"https:\/\/api.w.org\/{rel}","templated":true}]}}