{"id":9323,"date":"2020-08-18T12:31:33","date_gmt":"2020-08-18T12:31:33","guid":{"rendered":"https:\/\/station.barletta.cz\/homepage\/"},"modified":"2026-02-10T08:42:50","modified_gmt":"2026-02-10T08:42:50","slug":"homepage","status":"publish","type":"page","link":"https:\/\/students.zeitraum.re\/cs\/","title":{"rendered":"Dom\u016f"},"content":{"rendered":"<h1>\u017divot s flexibiln\u00ed dobou pron\u00e1jmu<\/h1>\n","protected":false},"excerpt":{"rendered":"<p>\u017divot s flexibiln\u00ed dobou pron\u00e1jmu<\/p>\n","protected":false},"author":10,"featured_media":9328,"parent":0,"menu_order":0,"comment_status":"closed","ping_status":"closed","template":"views\/homepage.blade.php","meta":{"om_disable_all_campaigns":false},"aioseo_notices":[],"_links":{"self":[{"href":"https:\/\/students.zeitraum.re\/cs\/wp-json\/wp\/v2\/pages\/9323"}],"collection":[{"href":"https:\/\/students.zeitraum.re\/cs\/wp-json\/wp\/v2\/pages"}],"about":[{"href":"https:\/\/students.zeitraum.re\/cs\/wp-json\/wp\/v2\/types\/page"}],"author":[{"embeddable":true,"href":"https:\/\/students.zeitraum.re\/cs\/wp-json\/wp\/v2\/users\/10"}],"replies":[{"embeddable":true,"href":"https:\/\/students.zeitraum.re\/cs\/wp-json\/wp\/v2\/comments?post=9323"}],"version-history":[{"count":16,"href":"https:\/\/students.zeitraum.re\/cs\/wp-json\/wp\/v2\/pages\/9323\/revisions"}],"predecessor-version":[{"id":17404,"href":"https:\/\/students.zeitraum.re\/cs\/wp-json\/wp\/v2\/pages\/9323\/revisions\/17404"}],"wp:featuredmedia":[{"embeddable":true,"href":"https:\/\/students.zeitraum.re\/cs\/wp-json\/wp\/v2\/media\/9328"}],"wp:attachment":[{"href":"https:\/\/students.zeitraum.re\/cs\/wp-json\/wp\/v2\/media?parent=9323"}],"curies":[{"name":"wp","href":"https:\/\/api.w.org\/{rel}","templated":true}]}}