{"id":9891,"date":"2021-03-23T12:03:11","date_gmt":"2021-03-23T12:03:11","guid":{"rendered":"https:\/\/students.zeitraum.re\/?page_id=9891"},"modified":"2022-07-05T10:23:42","modified_gmt":"2022-07-05T10:23:42","slug":"o-nas","status":"publish","type":"page","link":"https:\/\/students.zeitraum.re\/cs\/o-nas\/","title":{"rendered":"O n\u00e1s"},"content":{"rendered":"<h1>O n\u00e1s<\/h1>\n<p>Na\u0161e spole\u010dnost je jedn\u00edm z pr\u016fkopn\u00edk\u016f v nov\u011b vznikl\u00e9 kategorii soukrom\u00e9ho studentsk\u00e9ho ubytov\u00e1n\u00ed v \u010cech\u00e1ch a v Polsku. Rozhodli jsme se pro tento krok, proto\u017ee vn\u00edm\u00e1me nedostate\u010dnou kapacitu studentsk\u00e9ho ubytov\u00e1n\u00ed pro m\u00edstn\u00ed i mezin\u00e1rodn\u00ed studenty jak v Polsku, tak i v \u010cesk\u00e9 republice a zejm\u00e9na pak v Praze, Var\u0161av\u011b a Krakov\u011b.<\/p>\n<p>\u010cesk\u00e9 a polsk\u00e9 univerzity l\u00e1kaj\u00ed zahrani\u010dn\u00ed studenty zejm\u00e9na d\u00edky n\u00edzk\u00fdm n\u00e1klad\u016fm na \u0161koln\u00e9, vysok\u00e9 \u00farovni vzd\u011bl\u00e1n\u00ed a perspektivn\u00edm budouc\u00edm uplatn\u011bn\u00edm na trhu EU. Cenov\u00e1 dostupnost v kombinaci s lokalitou v srdci Evropy hraj\u00ed hlavn\u00ed roli p\u0159i hled\u00e1n\u00ed byt\u016f nebo kolej\u00ed.<\/p>\n<p>&nbsp;<\/p>\n<h4>Kontaktn\u00ed informace<\/h4>\n<p>rentals@zeitraum.re<\/p>\n<p>ZEITRAUM s.r.o.<br \/>\nI\u010cO. 04184246<\/p>\n<p>Revolu\u010dn\u00ed 25<br \/>\nPraha 1, 110 00<\/p>\n","protected":false},"excerpt":{"rendered":"<p>O n\u00e1s Na\u0161e spole\u010dnost je jedn\u00edm z pr\u016fkopn\u00edk\u016f v nov\u011b vznikl\u00e9 kategorii soukrom\u00e9ho studentsk\u00e9ho ubytov\u00e1n\u00ed v \u010cech\u00e1ch a v Polsku. Rozhodli jsme se pro tento krok, proto\u017ee vn\u00edm\u00e1me nedostate\u010dnou kapacitu studentsk\u00e9ho ubytov\u00e1n\u00ed pro m\u00edstn\u00ed i mezin\u00e1rodn\u00ed studenty jak v Polsku, tak i v \u010cesk\u00e9 republice a zejm\u00e9na pak v Praze, Var\u0161av\u011b a Krakov\u011b. \u010cesk\u00e9 a &hellip; <a href=\"https:\/\/students.zeitraum.re\/cs\/o-nas\/\">Continued<\/a><\/p>\n","protected":false},"author":10,"featured_media":9328,"parent":0,"menu_order":3,"comment_status":"closed","ping_status":"closed","template":"views\/about.blade.php","meta":{"om_disable_all_campaigns":false},"aioseo_notices":[],"_links":{"self":[{"href":"https:\/\/students.zeitraum.re\/cs\/wp-json\/wp\/v2\/pages\/9891"}],"collection":[{"href":"https:\/\/students.zeitraum.re\/cs\/wp-json\/wp\/v2\/pages"}],"about":[{"href":"https:\/\/students.zeitraum.re\/cs\/wp-json\/wp\/v2\/types\/page"}],"author":[{"embeddable":true,"href":"https:\/\/students.zeitraum.re\/cs\/wp-json\/wp\/v2\/users\/10"}],"replies":[{"embeddable":true,"href":"https:\/\/students.zeitraum.re\/cs\/wp-json\/wp\/v2\/comments?post=9891"}],"version-history":[{"count":5,"href":"https:\/\/students.zeitraum.re\/cs\/wp-json\/wp\/v2\/pages\/9891\/revisions"}],"predecessor-version":[{"id":10152,"href":"https:\/\/students.zeitraum.re\/cs\/wp-json\/wp\/v2\/pages\/9891\/revisions\/10152"}],"wp:featuredmedia":[{"embeddable":true,"href":"https:\/\/students.zeitraum.re\/cs\/wp-json\/wp\/v2\/media\/9328"}],"wp:attachment":[{"href":"https:\/\/students.zeitraum.re\/cs\/wp-json\/wp\/v2\/media?parent=9891"}],"curies":[{"name":"wp","href":"https:\/\/api.w.org\/{rel}","templated":true}]}}