{"id":9894,"date":"2021-03-23T12:23:39","date_gmt":"2021-03-23T12:23:39","guid":{"rendered":"https:\/\/students.zeitraum.re\/?page_id=9894"},"modified":"2025-08-04T11:11:25","modified_gmt":"2025-08-04T11:11:25","slug":"nasipartneri","status":"publish","type":"page","link":"https:\/\/students.zeitraum.re\/cs\/nasipartneri\/","title":{"rendered":"Na\u0161i patrne\u0159i"},"content":{"rendered":"<h1>Spolupracujte s\u00a0n\u00e1mi<\/h1>\n<p>Jsme jedni z p\u0159edn\u00edch provozovatel\u016f soukrom\u00e9ho studentsk\u00e9ho ubytov\u00e1n\u00ed ve st\u0159edn\u00ed a v\u00fdchodn\u00ed Evrop\u011b. V Praze v sou\u010dasn\u00e9 dob\u011b provozujeme 4 studentsk\u00e9 domy s 450 l\u016f\u017eky, ve Var\u0161av\u011b a Krakov\u011b dal\u0161\u00edch 850 l\u016f\u017eek.  R\u00e1di budujeme dlouhodob\u00e9 vztahy s univerzitn\u00edmi partnery a vytv\u00e1\u0159\u00edme tak p\u0159idanou hodnotu pro jejich studenty. Poj\u010fme zjistit, jak u\u017eite\u010dn\u00e1 m\u016f\u017ee b\u00fdt na\u0161e vz\u00e1jemn\u00e1 spolupr\u00e1ce.<\/p>\n<p><img loading=\"lazy\" class=\"alignnone size-full wp-image-10200\" src=\"https:\/\/students.zeitraum.re\/wp-content\/uploads\/2021\/07\/zeitraum-partners.png\" alt=\"\" width=\"770\" height=\"115\" srcset=\"https:\/\/students.zeitraum.re\/wp-content\/uploads\/2021\/07\/zeitraum-partners.png 770w, https:\/\/students.zeitraum.re\/wp-content\/uploads\/2021\/07\/zeitraum-partners-300x45.png 300w, https:\/\/students.zeitraum.re\/wp-content\/uploads\/2021\/07\/zeitraum-partners-768x115.png 768w\" sizes=\"(max-width: 770px) 100vw, 770px\" \/><\/p>\n","protected":false},"excerpt":{"rendered":"<p>Spolupracujte s\u00a0n\u00e1mi Jsme jedni z p\u0159edn\u00edch provozovatel\u016f soukrom\u00e9ho studentsk\u00e9ho ubytov\u00e1n\u00ed ve st\u0159edn\u00ed a v\u00fdchodn\u00ed Evrop\u011b. V Praze v sou\u010dasn\u00e9 dob\u011b provozujeme 4 studentsk\u00e9 domy s 450 l\u016f\u017eky, ve Var\u0161av\u011b a Krakov\u011b dal\u0161\u00edch 850 l\u016f\u017eek. R\u00e1di budujeme dlouhodob\u00e9 vztahy s univerzitn\u00edmi partnery a vytv\u00e1\u0159\u00edme tak p\u0159idanou hodnotu pro jejich studenty. Poj\u010fme zjistit, jak u\u017eite\u010dn\u00e1 m\u016f\u017ee b\u00fdt &hellip; <a href=\"https:\/\/students.zeitraum.re\/cs\/nasipartneri\/\">Continued<\/a><\/p>\n","protected":false},"author":10,"featured_media":9533,"parent":0,"menu_order":4,"comment_status":"closed","ping_status":"closed","template":"views\/universities.blade.php","meta":{"om_disable_all_campaigns":false},"aioseo_notices":[],"_links":{"self":[{"href":"https:\/\/students.zeitraum.re\/cs\/wp-json\/wp\/v2\/pages\/9894"}],"collection":[{"href":"https:\/\/students.zeitraum.re\/cs\/wp-json\/wp\/v2\/pages"}],"about":[{"href":"https:\/\/students.zeitraum.re\/cs\/wp-json\/wp\/v2\/types\/page"}],"author":[{"embeddable":true,"href":"https:\/\/students.zeitraum.re\/cs\/wp-json\/wp\/v2\/users\/10"}],"replies":[{"embeddable":true,"href":"https:\/\/students.zeitraum.re\/cs\/wp-json\/wp\/v2\/comments?post=9894"}],"version-history":[{"count":15,"href":"https:\/\/students.zeitraum.re\/cs\/wp-json\/wp\/v2\/pages\/9894\/revisions"}],"predecessor-version":[{"id":16211,"href":"https:\/\/students.zeitraum.re\/cs\/wp-json\/wp\/v2\/pages\/9894\/revisions\/16211"}],"wp:featuredmedia":[{"embeddable":true,"href":"https:\/\/students.zeitraum.re\/cs\/wp-json\/wp\/v2\/media\/9533"}],"wp:attachment":[{"href":"https:\/\/students.zeitraum.re\/cs\/wp-json\/wp\/v2\/media?parent=9894"}],"curies":[{"name":"wp","href":"https:\/\/api.w.org\/{rel}","templated":true}]}}