{"id":13715,"date":"2024-04-17T06:55:15","date_gmt":"2024-04-17T06:55:15","guid":{"rendered":"https:\/\/students.zeitraum.re\/term-conditions-accommodation-copy\/"},"modified":"2024-04-17T08:22:45","modified_gmt":"2024-04-17T08:22:45","slug":"card-payment","status":"publish","type":"page","link":"https:\/\/students.zeitraum.re\/en\/card-payment\/","title":{"rendered":"Card Payment"},"content":{"rendered":"<h3>Basic information<\/h3>\n<p>Card payment is the most common payment method.<br \/>\nComgate payment gateway supports Visa, Visa Electron, Mastercard and Maestro cards.<\/p>\n<p>&nbsp;<\/p>\n<h4 id=\"payment-process\">Payment process<\/h4>\n<p>The payment process from the customer&#8217;s point is described here.<\/p>\n<p><img loading=\"lazy\" src=\"https:\/\/students.zeitraum.re\/wp-content\/uploads\/theme\/platba-kartou.gif\" width=\"852\" height=\"426\" data-lightbox=\"box\" \/><\/p>\n<p>As soon as the payment is approved, you and the customer will receive information about the payment finalization so you can proceed to sending the goods right away.<\/p>\n<section class=\"infoBox\"><strong>Card payment with a currency that is not permitted at the e-shop<br \/>\n<\/strong>If the customer pays with a supported card, they pay in the currency of the card account. In such cases, the transfer is performed by the customer&#8217;s bank according to its exchange rate.<br \/>\nExample: A customer with a Czech card shops in the e-shop, where the only currency is EUR. The customer pays in EUR, their domestic bank mediates the transfer of the currency based on the exchange rate. The owner of the e-shop receives the payment in EUR.<\/section>\n<p>&nbsp;<\/p>\n<p>Contact details for Comgate, a.s., including the phone number and email address for complaints or payment inquiries:<\/p>\n<section class=\"infoBox\"><strong>Comgate, a.s.<\/strong><br \/>\nGo\u010d\u00e1rova t\u0159\u00edda 1754 \/ 48b, Hradec Kr\u00e1lov\u00e9<br \/>\nE-mail:\u00a0<a title=\"Send an email to platby-podpora@comgate.cz\" href=\"mailto:platby-podpora@comgate.cz\">platby-podpora@comgate.cz<\/a><br \/>\nTel:\u00a0<a title=\"Click to open in a new window or tab tel:+420228224267\" href=\"tel:+420228224267\">+420 228 224 267<\/a><\/section>\n<p>&nbsp;<\/p>\n<p><a href=\"https:\/\/help.comgate.cz\/v1\/docs\/en\/payments-by-a-card\" target=\"_blank\" rel=\"noopener\"><span style=\"text-decoration: underline;\">More information about card payments via Comgate<\/span> \u2192<\/a><br \/>\n<a href=\"https:\/\/www.comgate.cz\/en\/online-payments\" target=\"_blank\" rel=\"noopener\"><span style=\"text-decoration: underline;\">Information about card payments provider company Comgate, a.s.<\/span> \u2192<\/a><\/p>\n","protected":false},"excerpt":{"rendered":"<p>Basic information Card payment is the most common payment method. Comgate payment gateway supports Visa, Visa Electron, Mastercard and Maestro cards. &nbsp; Payment process The payment process from the customer&#8217;s point is described here. As soon as the payment is approved, you and the customer will receive information about the payment finalization so you can &hellip; <a href=\"https:\/\/students.zeitraum.re\/en\/card-payment\/\">Continued<\/a><\/p>\n","protected":false},"author":10,"featured_media":0,"parent":0,"menu_order":11,"comment_status":"closed","ping_status":"closed","template":"","meta":{"om_disable_all_campaigns":false},"aioseo_notices":[],"_links":{"self":[{"href":"https:\/\/students.zeitraum.re\/en\/wp-json\/wp\/v2\/pages\/13715"}],"collection":[{"href":"https:\/\/students.zeitraum.re\/en\/wp-json\/wp\/v2\/pages"}],"about":[{"href":"https:\/\/students.zeitraum.re\/en\/wp-json\/wp\/v2\/types\/page"}],"author":[{"embeddable":true,"href":"https:\/\/students.zeitraum.re\/en\/wp-json\/wp\/v2\/users\/10"}],"replies":[{"embeddable":true,"href":"https:\/\/students.zeitraum.re\/en\/wp-json\/wp\/v2\/comments?post=13715"}],"version-history":[{"count":21,"href":"https:\/\/students.zeitraum.re\/en\/wp-json\/wp\/v2\/pages\/13715\/revisions"}],"predecessor-version":[{"id":13763,"href":"https:\/\/students.zeitraum.re\/en\/wp-json\/wp\/v2\/pages\/13715\/revisions\/13763"}],"wp:attachment":[{"href":"https:\/\/students.zeitraum.re\/en\/wp-json\/wp\/v2\/media?parent=13715"}],"curies":[{"name":"wp","href":"https:\/\/api.w.org\/{rel}","templated":true}]}}