{"id":10769,"date":"2021-02-18T18:36:04","date_gmt":"2021-02-18T18:36:04","guid":{"rendered":"https:\/\/students.zeitraum.re\/about\/"},"modified":"2022-07-06T08:51:12","modified_gmt":"2022-07-06T08:51:12","slug":"o-nas","status":"publish","type":"page","link":"https:\/\/students.zeitraum.re\/pl\/o-nas\/","title":{"rendered":"O nas"},"content":{"rendered":"<h1>O nas<\/h1>\n<p>Nasza firma jest jednym z pionier\u00f3w nowo powsta\u0142ej kategorii prywatnych akademik\u00f3w w Czechach i Polsce. Zdecydowali\u015bmy si\u0119 na ten krok, poniewa\u017c dostrzegamy niewystarczaj\u0105c\u0105 ilo\u015b\u0107 zakwaterowania studenckiego dla student\u00f3w lokalnych i zagranicznych zar\u00f3wno w Polsce, jak i w Czechach, a zw\u0142aszcza w Pradze, Warszawie i Krakowie.<\/p>\n<p>Czeskie i polskie uczelnie przyci\u0105gaj\u0105 zagranicznych student\u00f3w g\u0142\u00f3wnie ze wzgl\u0119du na niskie koszty czesnego, wysoki poziom kszta\u0142cenia oraz obiecuj\u0105ce przysz\u0142e zatrudnienie na rynku UE. Przyst\u0119pna cena w po\u0142\u0105czeniu z lokalizacj\u0105 w sercu Europy odgrywaj\u0105 wa\u017cn\u0105 rol\u0119 w znajdowaniu mieszka\u0144 lub akademik\u00f3w.<\/p>\n<p>&nbsp;<\/p>\n<h3>Informacje kontaktowe<\/h3>\n<p>rentals@zeitraum.re<\/p>\n<p>ZEITRAUM s.r.o.<br \/>\nID no. 04184246<\/p>\n<p>U P\u016fj\u010dovny 952\/2<br \/>\nPrague 1, 110 00<\/p>\n","protected":false},"excerpt":{"rendered":"<p>O nas Nasza firma jest jednym z pionier\u00f3w nowo powsta\u0142ej kategorii prywatnych akademik\u00f3w w Czechach i Polsce. Zdecydowali\u015bmy si\u0119 na ten krok, poniewa\u017c dostrzegamy niewystarczaj\u0105c\u0105 ilo\u015b\u0107 zakwaterowania studenckiego dla student\u00f3w lokalnych i zagranicznych zar\u00f3wno w Polsce, jak i w Czechach, a zw\u0142aszcza w Pradze, Warszawie i Krakowie. Czeskie i polskie uczelnie przyci\u0105gaj\u0105 zagranicznych student\u00f3w g\u0142\u00f3wnie &hellip; <a href=\"https:\/\/students.zeitraum.re\/pl\/o-nas\/\">Continued<\/a><\/p>\n","protected":false},"author":10,"featured_media":10664,"parent":0,"menu_order":3,"comment_status":"closed","ping_status":"closed","template":"views\/about.blade.php","meta":{"om_disable_all_campaigns":false},"aioseo_notices":[],"_links":{"self":[{"href":"https:\/\/students.zeitraum.re\/pl\/wp-json\/wp\/v2\/pages\/10769"}],"collection":[{"href":"https:\/\/students.zeitraum.re\/pl\/wp-json\/wp\/v2\/pages"}],"about":[{"href":"https:\/\/students.zeitraum.re\/pl\/wp-json\/wp\/v2\/types\/page"}],"author":[{"embeddable":true,"href":"https:\/\/students.zeitraum.re\/pl\/wp-json\/wp\/v2\/users\/10"}],"replies":[{"embeddable":true,"href":"https:\/\/students.zeitraum.re\/pl\/wp-json\/wp\/v2\/comments?post=10769"}],"version-history":[{"count":8,"href":"https:\/\/students.zeitraum.re\/pl\/wp-json\/wp\/v2\/pages\/10769\/revisions"}],"predecessor-version":[{"id":11394,"href":"https:\/\/students.zeitraum.re\/pl\/wp-json\/wp\/v2\/pages\/10769\/revisions\/11394"}],"wp:featuredmedia":[{"embeddable":true,"href":"https:\/\/students.zeitraum.re\/pl\/wp-json\/wp\/v2\/media\/10664"}],"wp:attachment":[{"href":"https:\/\/students.zeitraum.re\/pl\/wp-json\/wp\/v2\/media?parent=10769"}],"curies":[{"name":"wp","href":"https:\/\/api.w.org\/{rel}","templated":true}]}}