{"id":10788,"date":"2020-08-25T11:59:50","date_gmt":"2020-08-25T11:59:50","guid":{"rendered":"https:\/\/students.zeitraum.re\/partnerships\/"},"modified":"2026-04-13T07:25:32","modified_gmt":"2026-04-13T07:25:32","slug":"nasi-partnerzy","status":"publish","type":"page","link":"https:\/\/students.zeitraum.re\/pl\/nasi-partnerzy\/","title":{"rendered":"Nasi partnerzy"},"content":{"rendered":"<h1>Wsp\u00f3pracuj z nami<\/h1>\n<p>Jeste\u015bmy jednym z wiod\u0105cych operator\u00f3w prywatnych akademik\u00f3w w Europie \u015arodkowej i Wschodniej. Obecnie prowadzimy 4 domy studenckie w Pradze z 450 miejscami noclegowymi oraz kolejne 850 miejsc w Warszawie i Krakowie. Z ch\u0119ci\u0105 budujemy d\u0142ugotrwa\u0142e relacje z partnerami uniwersyteckimi i tworzymy w ten spos\u00f3b warto\u015b\u0107 dodan\u0105 dla ich student\u00f3w. Przekonajmy si\u0119, jak u\u017cyteczna mo\u017ce by\u0107 nasza wsp\u00f3\u0142praca.<\/p>\n<p>&nbsp;<\/p>\n<p><img loading=\"lazy\" class=\"alignnone size-full wp-image-10199\" src=\"https:\/\/students.zeitraum.re\/wp-content\/uploads\/2021\/07\/zeitraum-partners.png\" alt=\"\" width=\"770\" height=\"115\" srcset=\"https:\/\/students.zeitraum.re\/wp-content\/uploads\/2021\/07\/zeitraum-partners.png 770w, https:\/\/students.zeitraum.re\/wp-content\/uploads\/2021\/07\/zeitraum-partners-300x45.png 300w, https:\/\/students.zeitraum.re\/wp-content\/uploads\/2021\/07\/zeitraum-partners-150x22.png 150w, https:\/\/students.zeitraum.re\/wp-content\/uploads\/2021\/07\/zeitraum-partners-768x115.png 768w\" sizes=\"(max-width: 770px) 100vw, 770px\" \/><\/p>\n<p><img loading=\"lazy\" class=\"alignnone wp-image-11503\" src=\"https:\/\/students.zeitraum.re\/wp-content\/uploads\/2022\/06\/ksa-full-color.png\" alt=\"\" width=\"194\" height=\"59\" srcset=\"https:\/\/students.zeitraum.re\/wp-content\/uploads\/2022\/06\/ksa-full-color.png 616w, https:\/\/students.zeitraum.re\/wp-content\/uploads\/2022\/06\/ksa-full-color-300x91.png 300w\" sizes=\"(max-width: 194px) 100vw, 194px\" \/><\/p>\n","protected":false},"excerpt":{"rendered":"<p>Wsp\u00f3pracuj z nami Jeste\u015bmy jednym z wiod\u0105cych operator\u00f3w prywatnych akademik\u00f3w w Europie \u015arodkowej i Wschodniej. Obecnie prowadzimy 4 domy studenckie w Pradze z 450 miejscami noclegowymi oraz kolejne 850 miejsc w Warszawie i Krakowie. Z ch\u0119ci\u0105 budujemy d\u0142ugotrwa\u0142e relacje z partnerami uniwersyteckimi i tworzymy w ten spos\u00f3b warto\u015b\u0107 dodan\u0105 dla ich student\u00f3w. Przekonajmy si\u0119, jak &hellip; <a href=\"https:\/\/students.zeitraum.re\/pl\/nasi-partnerzy\/\">Continued<\/a><\/p>\n","protected":false},"author":10,"featured_media":10667,"parent":0,"menu_order":4,"comment_status":"closed","ping_status":"closed","template":"views\/universities.blade.php","meta":{"om_disable_all_campaigns":false},"aioseo_notices":[],"_links":{"self":[{"href":"https:\/\/students.zeitraum.re\/pl\/wp-json\/wp\/v2\/pages\/10788"}],"collection":[{"href":"https:\/\/students.zeitraum.re\/pl\/wp-json\/wp\/v2\/pages"}],"about":[{"href":"https:\/\/students.zeitraum.re\/pl\/wp-json\/wp\/v2\/types\/page"}],"author":[{"embeddable":true,"href":"https:\/\/students.zeitraum.re\/pl\/wp-json\/wp\/v2\/users\/10"}],"replies":[{"embeddable":true,"href":"https:\/\/students.zeitraum.re\/pl\/wp-json\/wp\/v2\/comments?post=10788"}],"version-history":[{"count":13,"href":"https:\/\/students.zeitraum.re\/pl\/wp-json\/wp\/v2\/pages\/10788\/revisions"}],"predecessor-version":[{"id":17620,"href":"https:\/\/students.zeitraum.re\/pl\/wp-json\/wp\/v2\/pages\/10788\/revisions\/17620"}],"wp:featuredmedia":[{"embeddable":true,"href":"https:\/\/students.zeitraum.re\/pl\/wp-json\/wp\/v2\/media\/10667"}],"wp:attachment":[{"href":"https:\/\/students.zeitraum.re\/pl\/wp-json\/wp\/v2\/media?parent=10788"}],"curies":[{"name":"wp","href":"https:\/\/api.w.org\/{rel}","templated":true}]}}