{"id":10800,"date":"2021-07-09T16:39:34","date_gmt":"2021-07-09T16:39:34","guid":{"rendered":"https:\/\/students.zeitraum.re\/dealsforyou\/"},"modified":"2022-07-06T08:53:33","modified_gmt":"2022-07-06T08:53:33","slug":"specjalne-oferty","status":"publish","type":"page","link":"https:\/\/students.zeitraum.re\/pl\/specjalne-oferty\/","title":{"rendered":"Specjalne oferty"},"content":{"rendered":"<h1>Specjalne oferty<\/h1>\n<p>Zapoznaj si\u0119 ze zni\u017ckami i promocjami od naszych partner\u00f3w<\/p>\n","protected":false},"excerpt":{"rendered":"<p>Specjalne oferty Zapoznaj si\u0119 ze zni\u017ckami i promocjami od naszych partner\u00f3w<\/p>\n","protected":false},"author":10,"featured_media":10678,"parent":0,"menu_order":4,"comment_status":"closed","ping_status":"closed","template":"views\/universities.blade.php","meta":{"om_disable_all_campaigns":false},"aioseo_notices":[],"_links":{"self":[{"href":"https:\/\/students.zeitraum.re\/pl\/wp-json\/wp\/v2\/pages\/10800"}],"collection":[{"href":"https:\/\/students.zeitraum.re\/pl\/wp-json\/wp\/v2\/pages"}],"about":[{"href":"https:\/\/students.zeitraum.re\/pl\/wp-json\/wp\/v2\/types\/page"}],"author":[{"embeddable":true,"href":"https:\/\/students.zeitraum.re\/pl\/wp-json\/wp\/v2\/users\/10"}],"replies":[{"embeddable":true,"href":"https:\/\/students.zeitraum.re\/pl\/wp-json\/wp\/v2\/comments?post=10800"}],"version-history":[{"count":3,"href":"https:\/\/students.zeitraum.re\/pl\/wp-json\/wp\/v2\/pages\/10800\/revisions"}],"predecessor-version":[{"id":10817,"href":"https:\/\/students.zeitraum.re\/pl\/wp-json\/wp\/v2\/pages\/10800\/revisions\/10817"}],"wp:featuredmedia":[{"embeddable":true,"href":"https:\/\/students.zeitraum.re\/pl\/wp-json\/wp\/v2\/media\/10678"}],"wp:attachment":[{"href":"https:\/\/students.zeitraum.re\/pl\/wp-json\/wp\/v2\/media?parent=10800"}],"curies":[{"name":"wp","href":"https:\/\/api.w.org\/{rel}","templated":true}]}}